{"id":623,"date":"2025-02-15T10:35:49","date_gmt":"2025-02-15T10:35:49","guid":{"rendered":"https:\/\/phoxwp.wdes.org\/monster\/?page_id=623"},"modified":"2025-06-22T09:40:03","modified_gmt":"2025-06-22T09:40:03","slug":"domains","status":"publish","type":"page","link":"https:\/\/www.hostrall.com\/tr\/domains\/","title":{"rendered":"Etki Alanlar\u0131"},"content":{"rendered":"<div data-elementor-type=\"wp-page\" data-elementor-id=\"623\" class=\"elementor elementor-623\">\n\t\t\t\t<div class=\"elementor-element elementor-element-71e3226 e-flex e-con-boxed e-con e-parent\" data-id=\"71e3226\" data-element_type=\"container\" data-settings=\"{&quot;background_background&quot;:&quot;classic&quot;}\">\n\t\t\t\t\t<div class=\"e-con-inner\">\n\t\t<div class=\"elementor-element elementor-element-d6caa6e e-con-full e-flex e-con e-child\" data-id=\"d6caa6e\" data-element_type=\"container\">\n\t\t<div class=\"elementor-element elementor-element-7a0b95b e-con-full e-flex e-con e-child\" data-id=\"7a0b95b\" data-element_type=\"container\" data-settings=\"{&quot;background_background&quot;:&quot;gradient&quot;}\">\n\t\t\t\t<div class=\"elementor-element elementor-element-e4160a9 elementor-position-right elementor-vertical-align-middle elementor-widget elementor-widget-image-box\" data-id=\"e4160a9\" data-element_type=\"widget\" data-widget_type=\"image-box.default\">\n\t\t\t\t<div class=\"elementor-widget-container\">\n\t\t\t\t\t<div class=\"elementor-image-box-wrapper\"><figure class=\"elementor-image-box-img\"><img decoding=\"async\" src=\"https:\/\/www.hostrall.com\/wp-content\/uploads\/2025\/02\/montser-icon-union.png\" title=\"\" alt=\"\" loading=\"lazy\" \/><\/figure><div class=\"elementor-image-box-content\"><h3 class=\"elementor-image-box-title\">Premium Hosting Sa\u011flay\u0131c\u0131s\u0131<\/h3><\/div><\/div>\t\t\t\t<\/div>\n\t\t\t\t<\/div>\n\t\t\t\t<\/div>\n\t\t\t\t<div class=\"elementor-element elementor-element-29ab3b6 elementor-absolute elementor-invisible elementor-widget elementor-widget-image\" data-id=\"29ab3b6\" data-element_type=\"widget\" data-settings=\"{&quot;_position&quot;:&quot;absolute&quot;,&quot;_animation&quot;:&quot;rollIn&quot;}\" data-widget_type=\"image.default\">\n\t\t\t\t<div class=\"elementor-widget-container\">\n\t\t\t\t\t\t\t\t\t\t\t\t\t\t\t<img decoding=\"async\" src=\"https:\/\/www.hostrall.com\/wp-content\/uploads\/2025\/02\/star.png\" title=\"\" alt=\"\" loading=\"lazy\" \/>\t\t\t\t\t\t\t\t\t\t\t\t\t\t\t<\/div>\n\t\t\t\t<\/div>\n\t\t\t\t<div class=\"elementor-element elementor-element-caea7e0 elementor-widget__width-inherit elementor-widget-mobile__width-inherit elementor-widget elementor-widget-wdes-section-header-widget\" data-id=\"caea7e0\" data-element_type=\"widget\" data-widget_type=\"wdes-section-header-widget.default\">\n\t\t\t\t<div class=\"elementor-widget-container\">\n\t\t\t\t\t<section class=\"widget-content wdes-widget-section-header\"><div class=\"wdes-widget-inner wdes-text-align-left\"><h1 class=\"wdes-section-header-primary wdes-section-header-primary-label\">Web siteniz i\u00e7in kelimenin tam anlam\u0131yla bir isim olu\u015fturun.<\/h1><div class=\"wdes-section-header-description\">Phox web hosting ile, ger\u00e7ekten etkileyici WordPress web siteleri olu\u015fturmak ve ba\u015flatmak i\u00e7in ihtiyac\u0131n\u0131z olan t\u00fcm \u00f6zelliklere, ara\u00e7lara ve rehberli\u011fe sahip olursunuz.<\/div><\/div><\/section>\t\t\t\t<\/div>\n\t\t\t\t<\/div>\n\t\t\t\t<div class=\"elementor-element elementor-element-2dd5059 elementor-align-center elementor-widget elementor-widget-button\" data-id=\"2dd5059\" data-element_type=\"widget\" data-widget_type=\"button.default\">\n\t\t\t\t<div class=\"elementor-widget-container\">\n\t\t\t\t\t\t\t\t\t<div class=\"elementor-button-wrapper\">\n\t\t\t\t\t<a class=\"elementor-button elementor-button-link elementor-size-sm\" href=\"#\">\n\t\t\t\t\t\t<span class=\"elementor-button-content-wrapper\">\n\t\t\t\t\t\t\t\t\t<span class=\"elementor-button-text\">Planlar\u0131 G\u00f6r\u00fcnt\u00fcle<\/span>\n\t\t\t\t\t<\/span>\n\t\t\t\t\t<\/a>\n\t\t\t\t<\/div>\n\t\t\t\t\t\t\t\t<\/div>\n\t\t\t\t<\/div>\n\t\t\t\t<div class=\"elementor-element elementor-element-768bf12 elementor-position-left elementor-vertical-align-middle elementor-widget elementor-widget-image-box\" data-id=\"768bf12\" data-element_type=\"widget\" data-widget_type=\"image-box.default\">\n\t\t\t\t<div class=\"elementor-widget-container\">\n\t\t\t\t\t<div class=\"elementor-image-box-wrapper\"><figure class=\"elementor-image-box-img\"><img decoding=\"async\" width=\"32\" height=\"33\" src=\"https:\/\/www.hostrall.com\/wp-content\/uploads\/2025\/02\/montser-icon-shield.png\" class=\"attachment-full size-full wp-image-70\" alt=\"\" \/><\/figure><div class=\"elementor-image-box-content\"><h3 class=\"elementor-image-box-title\">30 g\u00fcnl\u00fck para iade garantisi<\/h3><\/div><\/div>\t\t\t\t<\/div>\n\t\t\t\t<\/div>\n\t\t\t\t<\/div>\n\t\t<div class=\"elementor-element elementor-element-7bb82c4 e-con-full e-flex e-con e-child\" data-id=\"7bb82c4\" data-element_type=\"container\">\n\t\t\t\t<div class=\"elementor-element elementor-element-bbaeab6 elementor-widget elementor-widget-image\" data-id=\"bbaeab6\" data-element_type=\"widget\" data-widget_type=\"image.default\">\n\t\t\t\t<div class=\"elementor-widget-container\">\n\t\t\t\t\t\t\t\t\t\t\t\t\t\t\t<img decoding=\"async\" src=\"https:\/\/www.hostrall.com\/wp-content\/uploads\/2025\/02\/domain-thumb.png\" title=\"\" alt=\"\" loading=\"lazy\" \/>\t\t\t\t\t\t\t\t\t\t\t\t\t\t\t<\/div>\n\t\t\t\t<\/div>\n\t\t\t\t<\/div>\n\t\t\t\t\t<\/div>\n\t\t\t\t<\/div>\n\t\t<div class=\"elementor-element elementor-element-b3fa538 e-flex e-con-boxed e-con e-parent\" data-id=\"b3fa538\" data-element_type=\"container\" data-settings=\"{&quot;background_background&quot;:&quot;classic&quot;}\">\n\t\t\t\t\t<div class=\"e-con-inner\">\n\t\t<div class=\"elementor-element elementor-element-d9b8cff e-con-full e-flex e-con e-child\" data-id=\"d9b8cff\" data-element_type=\"container\" data-settings=\"{&quot;background_background&quot;:&quot;classic&quot;}\">\n\t\t\t\t<div class=\"elementor-element elementor-element-bdec41a elementor-widget__width-inherit elementor-widget-mobile__width-inherit elementor-widget elementor-widget-wdes-section-header-widget\" data-id=\"bdec41a\" data-element_type=\"widget\" data-widget_type=\"wdes-section-header-widget.default\">\n\t\t\t\t<div class=\"elementor-widget-container\">\n\t\t\t\t\t<section class=\"widget-content wdes-widget-section-header\"><div class=\"wdes-widget-inner wdes-text-align-center\"><h1 class=\"wdes-section-header-primary wdes-section-header-primary-label\">Bir fikriniz mi var? Size bir alan ad\u0131 ayarlayaca\u011f\u0131z!<\/h1><\/div><\/section>\t\t\t\t<\/div>\n\t\t\t\t<\/div>\n\t\t\t\t<div class=\"elementor-element elementor-element-88349fd elementor-widget__width-initial elementor-widget-tablet__width-inherit elementor-widget elementor-widget-wdes-forms-widget\" data-id=\"88349fd\" data-element_type=\"widget\" data-widget_type=\"wdes-forms-widget.default\">\n\t\t\t\t<div class=\"elementor-widget-container\">\n\t\t\t\t\t        <div class=\"domain-element-wdes\">\n            <div id=\"wdes-domain-search\">\n\n                <!-- Domain Tabs Controllers -->\n                \n\n                <!-- Tab Content -->\n                <div class=\"tab-content\" id=\"nav-tabContent\">\n                    <!-- Domain Search -->\n                    <div class=\"tab-pane fade show active\" id=\"domain-search\" role=\"tabpanel\" aria-labelledby=\"list-domain-search\">\n                        <form id=\"wdes-domain-form\" class=\"domain-search-area-main\" method=\"post\" action=\"https:\/\/phoxca.wdes.org\/domainchecker.php\" data-setting=\"{&quot;spinnerIcon&quot;:&quot;fas fa-circle-notch&quot;,&quot;suggestionsSpinnerIcon&quot;:&quot;fas fa-circle-notch&quot;,&quot;whois_button&quot;:&quot;yes&quot;,&quot;transfer_button&quot;:&quot;yes&quot;,&quot;nameProperty&quot;:&quot;domain&quot;}\">\n                            <div class=\"domain-form-wrapper\">\n                                <div class=\"wdes-domain-input-wrapper\">\n                                                                        <input type=\"hidden\" name=\"token\" value=\"0811bf819565bf8142cc613d099e85a27ec1204c\"\/>\n                                    <input id=\"wdes-domain\" class=\"sea-dom\" type=\"search\" name=\"domain\" placeholder=\"Alan ad\u0131n\u0131z\u0131 girin\"\/>\n\n                                    \n                                    <input type=\"hidden\" id=\"wdes_lup\" name=\"wdes_lup\" value=\"lup-1\"\/>\n                                <\/div>\n                                                                    <input id=\"wdes-search\" class=\"reg-dom\" type=\"submit\" value=\"Arama\"\/>\n                                \n                                \n                            <\/div>\n                            <div id=\"dc-error-message-invalid\" class=\"wdes-domain-invalid-message d-none\">\n                                <i class=\"fas fa-exclamation-circle\"><\/i>\n                                <p class=\"text-h-warning\">Ge\u00e7ersiz alan ad\u0131<\/p>\n                            <\/div>\n\n                            <div id=\"dc-error-message-unsupported\" class=\"d-none\">\n                                <i class=\"fas fa-exclamation-circle\"><\/i>\n                                <p class=\"text-h-warning\">Bu uzant\u0131y\u0131 desteklemiyoruz<\/p>\n                            <\/div>\n\n                            <div class=\"extensions-block\">\n                                \n                                                                                                                                                                <a href=\"#\" class=\"block elementor-repeater-item-1cd5606\">\n                                                \n                                                                                                                                                                        <span class=\"domain-ext-name\">.us<\/span>\n                                                                                                                                                                                                                    <div class=\"price-extention-domain-wdes\">\n                                                                                                                    <span class=\"dollar-sign-wdes\">&#036;<\/span>\n                                                            <span class=\"direct-price-extention-domain-wdes\">14.99<\/span>\n                                                                                                            <\/div>\n                                                                                            <\/a>\n                                                                                                                                                    \n                                                                                                                                                                <a href=\"#\" class=\"block elementor-repeater-item-30b1893\">\n                                                \n                                                                                                                                                                        <span class=\"domain-ext-name\">.com<\/span>\n                                                                                                                                                                                                                    <div class=\"price-extention-domain-wdes\">\n                                                                                                                    <span class=\"dollar-sign-wdes\">&#036;<\/span>\n                                                            <span class=\"direct-price-extention-domain-wdes\">16.99<\/span>\n                                                                                                            <\/div>\n                                                                                            <\/a>\n                                                                                                                                                    \n                                                                                                                                                                <a href=\"#\" class=\"block elementor-repeater-item-0e5d6f0\">\n                                                \n                                                                                                                                                                        <span class=\"domain-ext-name\">.net<\/span>\n                                                                                                                                                                                                                    <div class=\"price-extention-domain-wdes\">\n                                                                                                                    <span class=\"dollar-sign-wdes\">&#036;<\/span>\n                                                            <span class=\"direct-price-extention-domain-wdes\">18.99<\/span>\n                                                                                                            <\/div>\n                                                                                            <\/a>\n                                                                                                                                                    \n                                                                                                                                                                <a href=\"#\" class=\"block elementor-repeater-item-d733f5d\">\n                                                \n                                                                                                                                                                        <span class=\"domain-ext-name\">.org<\/span>\n                                                                                                                                                                                                                    <div class=\"price-extention-domain-wdes\">\n                                                                                                                    <span class=\"dollar-sign-wdes\">&#036;<\/span>\n                                                            <span class=\"direct-price-extention-domain-wdes\">16.99<\/span>\n                                                                                                            <\/div>\n                                                                                            <\/a>\n                                                                                                                                                    \n                                                                                                                                                                <a href=\"#\" class=\"block elementor-repeater-item-d945d40\">\n                                                \n                                                                                                                                                                        <span class=\"domain-ext-name\">.co<\/span>\n                                                                                                                                                                                                                    <div class=\"price-extention-domain-wdes\">\n                                                                                                                    <span class=\"dollar-sign-wdes\">&#036;<\/span>\n                                                            <span class=\"direct-price-extention-domain-wdes\">35.99<\/span>\n                                                                                                            <\/div>\n                                                                                            <\/a>\n                                                                                                                                                    \n                                                                                                                                                                <a href=\"#\" class=\"block elementor-repeater-item-9670853\">\n                                                \n                                                                                                                                                                        <span class=\"domain-ext-name\">.xyz<\/span>\n                                                                                                                                                                                                                    <div class=\"price-extention-domain-wdes\">\n                                                                                                                    <span class=\"dollar-sign-wdes\">&#036;<\/span>\n                                                            <span class=\"direct-price-extention-domain-wdes\">2.99<\/span>\n                                                                                                            <\/div>\n                                                                                            <\/a>\n                                                                                                                                                                                <\/div>\n\n                            \n                            <div id=\"preloader-resource\" data-priority-tlds='[{\"tld\":\"domain-us\",\"price\":\"&#36;14.99\"},{\"tld\":\"domain-com\",\"price\":\"&#36;16.99\"},{\"tld\":\"domain-net\",\"price\":\"&#36;18.99\"},{\"tld\":\"domain-org\",\"price\":\"&#36;16.99\"},{\"tld\":\"domain-co\",\"price\":\"&#36;35.99\"},{\"tld\":\"domain-xyz\",\"price\":\"&#36;2.99\"}]' data-priority-local-tlds='[]'><\/div>\n                            <!-- Result section-->\n                            <div id=\"wdes-domain-results\" class=\"domain-results-box\">\n                                <!-- Modal -->\n                                <div id=\"wdesDomainWhois\" class=\"modal micromodal-slide\" aria-hidden=\"true\">\n                                    <div class=\"modal__overlay\" tabindex=\"-1\" data-micromodal-close>\n                                        <div class=\"modal__container\" role=\"dialog\" aria-modal=\"true\" aria-labelledby=\"wdesDomainWhois-title\">\n                                            <header class=\"modal__header\">\n                                                <h2 class=\"modal__title\" id=\"wdesDomainWhoisLabel\">Domain Whois Sorgulama<\/h2>\n                                                <button class=\"modal__close\" data-micromodal-close aria-label=\"Bu ileti\u015fim penceresini kapat\u0131n\"><\/button>\n                                            <\/header>\n                                            <main class=\"modal__content\" id=\"wdesDomainWhois-content\"><\/main>\n                                        <\/div>\n                                    <\/div>\n                                <\/div>\n                            <\/div>\n\n                            <\/form><\/div><\/div><\/div><\/div><\/div><\/div><\/div><\/div><\/div><\/div> <a href=\"https:\/\/www.hostrall.com\/tr\/domains\/#more-623\" class=\"more-link elementor-more-link\"><span aria-label=\"Okumaya devam et ve Alan Adlar\u0131\">se\u00e7enek b\u00f6l\u00fcm\u00fc<\/span><\/a>","protected":false},"excerpt":{"rendered":"<p>Premium Hosting Sa\u011flay\u0131c\u0131s\u0131 Web siteniz i\u00e7in tam anlam\u0131yla bir isim yap\u0131n. Phox web hosting ile, ger\u00e7ekten etkileyici WordPress web siteleri olu\u015fturmak ve ba\u015flatmak i\u00e7in ihtiyac\u0131n\u0131z olan t\u00fcm \u00f6zelliklere, ara\u00e7lara ve rehberli\u011fe sahip olursunuz. Planlar\u0131 G\u00f6r\u00fcnt\u00fcle 30 g\u00fcnl\u00fck para iade garantisi Bir fikriniz mi var? Size bir alan ad\u0131 ayarlayaca\u011f\u0131z! Ge\u00e7ersiz alan ad\u0131 Desteklemiyoruz [...]<\/p>","protected":false},"author":1,"featured_media":0,"parent":0,"menu_order":0,"comment_status":"closed","ping_status":"closed","template":"","meta":{"footnotes":""},"class_list":["post-623","page","type-page","status-publish","hentry"],"_links":{"self":[{"href":"https:\/\/www.hostrall.com\/tr\/wp-json\/wp\/v2\/pages\/623","targetHints":{"allow":["GET"]}}],"collection":[{"href":"https:\/\/www.hostrall.com\/tr\/wp-json\/wp\/v2\/pages"}],"about":[{"href":"https:\/\/www.hostrall.com\/tr\/wp-json\/wp\/v2\/types\/page"}],"author":[{"embeddable":true,"href":"https:\/\/www.hostrall.com\/tr\/wp-json\/wp\/v2\/users\/1"}],"replies":[{"embeddable":true,"href":"https:\/\/www.hostrall.com\/tr\/wp-json\/wp\/v2\/comments?post=623"}],"version-history":[{"count":1,"href":"https:\/\/www.hostrall.com\/tr\/wp-json\/wp\/v2\/pages\/623\/revisions"}],"predecessor-version":[{"id":699,"href":"https:\/\/www.hostrall.com\/tr\/wp-json\/wp\/v2\/pages\/623\/revisions\/699"}],"wp:attachment":[{"href":"https:\/\/www.hostrall.com\/tr\/wp-json\/wp\/v2\/media?parent=623"}],"curies":[{"name":"wp","href":"https:\/\/api.w.org\/{rel}","templated":true}]}}